{"id":35,"date":"2021-02-22T13:18:52","date_gmt":"2021-02-22T12:18:52","guid":{"rendered":"http:\/\/norskhavvind.wpengine.com\/?page_id=35"},"modified":"2021-02-24T15:28:44","modified_gmt":"2021-02-24T14:28:44","slug":"personvern","status":"publish","type":"page","link":"https:\/\/norskhavvind.no\/en\/personvern\/","title":{"rendered":"Personvern"},"content":{"rendered":"<p>Denne siden inneholder informasjon du har krav p\u00e5 n\u00e5r det samles inn opplysninger fra nettsidene v\u00e5re, og generell informasjon om hvordan vi behandler personopplysninger. Norsk Havvind er behandlingsansvarlig for virksomhetens behandling av personopplysninger. Behandlingsgrunnlaget er samtykke fra den enkelte, med mindre annet er spesifisert.<\/p>\n<hr class=\"personvern\" \/>\n<h2>Hva mener vi med personopplysninger?<\/h2>\n<p>Personopplysninger er informasjon som kan knyttes til en ekte person, for eksempel navn, bosted, telefonnummer, e-postadresse og arbeidstittel. Vi behandler personopplysninger vi forvalter helt i samsvar med norsk lov, deriblant personopplysningsloven og personopplysningsforskriften.<\/p>\n<hr class=\"personvern\" \/>\n<h2>N\u00e5r lagrer og bruker vi persondata?<\/h2>\n<p>Norsk Havvind lagrer og bruker personopplysninger gitt til oss n\u00e5r du kontakter oss p\u00e5 e-post fra nettsiden.<\/p>\n<hr class=\"personvern\" \/>\n<h2>Webanalyse og informasjonskapsler<\/h2>\n<p>Som en viktig del av arbeidet med \u00e5 lage brukervennlige nettsider, ser vi p\u00e5 brukerm\u00f8nsteret til de som bes\u00f8ker nettsidene. For \u00e5 analysere informasjonen bruker vi analyseverkt\u00f8yet Google Analytics. Google Analytics bruker informasjonskapsler (sm\u00e5 tekstfiler som nettstedet lagrer p\u00e5 den bes\u00f8kendes datamaskin), som registrerer brukernes IP-adresse, og som gir informasjon om den enkelte brukers bevegelser p\u00e5 nett.<\/p>\n<p>Eksempler p\u00e5 hva statistikken gir oss svar p\u00e5 er:<\/p>\n<ul>\n<li>hvor mange som bes\u00f8ker ulike sider<\/li>\n<li>hvor lenge bes\u00f8ket varer<\/li>\n<li>hvilke nettsteder brukerne kommer fra<\/li>\n<\/ul>\n<p>Ingen av informasjonskapslene gj\u00f8r at vi kan knytte informasjon om din bruk av nettsidene til deg som enkeltperson. En IP-adresse er definert som en personopplysning fordi den kan spores tilbake til en bestemt maskinvare og dermed til en enkeltperson. Vi har skrudd p\u00e5 funksjonen \u00abanonymizeIP\u00bb, slik at IP-adressen din ikke blir lagret hos Google. Dermed kan ikke den anonymiserte IP-adressen brukes til \u00e5 identifisere deg som bruker.<\/p>\n<hr class=\"personvern\" \/>\n<h2>Rettigheter og innsikt i data<\/h2>\n<p>Du kan n\u00e5r som helst be om innsyn i hvilke data vi har lagret om deg. Du kan ogs\u00e5 be om at eventuelle un\u00f8dige personopplysninger vi kan komme til \u00e5 behandle, blir slettet eller blokkert, og be om korrigering av eventuelle feilaktige personopplysninger som vi kan behandle. Ta kontakt p\u00e5 <a href=\"mailto:peso@norskhavvind.com\">peso@norskhavvind.com<\/a>.<\/p>\n<hr class=\"personvern\" \/>\n<h2>Hvordan h\u00e5ndtere informasjonskapsler i din nettleser<\/h2>\n<p>Du kan stille inn nettleseren din slik at bare de nettsidene du \u00f8nsker, f\u00e5r lov til \u00e5 lagre informasjonskapsler p\u00e5 maskinen din. Bes\u00f8k www.nettvett.no hvor du kan lese om hvordan du stiller inn nettleseren for \u00e5 godta\/avvise informasjonskapsler.<\/p>","protected":false},"excerpt":{"rendered":"<p>Denne siden inneholder informasjon du har krav p\u00e5 n\u00e5r det samles inn opplysninger fra nettsidene v\u00e5re, og generell informasjon om hvordan vi behandler personopplysninger. Norsk Havvind er behandlingsansvarlig for virksomhetens behandling av personopplysninger. Behandlingsgrunnlaget er samtykke fra den enkelte, med mindre annet er spesifisert. Hva mener vi med personopplysninger? Personopplysninger er informasjon som kan knyttes [&hellip;]<\/p>","protected":false},"author":1,"featured_media":0,"parent":0,"menu_order":0,"comment_status":"closed","ping_status":"closed","template":"","meta":{"_acf_changed":false,"footnotes":"","_links_to":"","_links_to_target":""},"class_list":["post-35","page","type-page","status-publish","hentry"],"acf":[],"yoast_head":"<!-- This site is optimized with the Yoast SEO plugin v22.8 - https:\/\/yoast.com\/wordpress\/plugins\/seo\/ -->\n<title>Personvern - Norsk Havvind<\/title>\n<meta name=\"robots\" content=\"index, follow, max-snippet:-1, max-image-preview:large, max-video-preview:-1\" \/>\n<link rel=\"canonical\" href=\"https:\/\/norskhavvind.no\/en\/personvern\/\" \/>\n<meta property=\"og:locale\" content=\"en_GB\" \/>\n<meta property=\"og:type\" content=\"article\" \/>\n<meta property=\"og:title\" content=\"Personvern - Norsk Havvind\" \/>\n<meta property=\"og:description\" content=\"Denne siden inneholder informasjon du har krav p\u00e5 n\u00e5r det samles inn opplysninger fra nettsidene v\u00e5re, og generell informasjon om hvordan vi behandler personopplysninger. Norsk Havvind er behandlingsansvarlig for virksomhetens behandling av personopplysninger. Behandlingsgrunnlaget er samtykke fra den enkelte, med mindre annet er spesifisert. Hva mener vi med personopplysninger? Personopplysninger er informasjon som kan knyttes [&hellip;]\" \/>\n<meta property=\"og:url\" content=\"https:\/\/norskhavvind.no\/en\/personvern\/\" \/>\n<meta property=\"og:site_name\" content=\"Norsk Havvind\" \/>\n<meta property=\"article:modified_time\" content=\"2021-02-24T14:28:44+00:00\" \/>\n<meta name=\"twitter:card\" content=\"summary_large_image\" \/>\n<meta name=\"twitter:label1\" content=\"Estimated reading time\" \/>\n\t<meta name=\"twitter:data1\" content=\"2 minutes\" \/>\n<script type=\"application\/ld+json\" class=\"yoast-schema-graph\">{\"@context\":\"https:\/\/schema.org\",\"@graph\":[{\"@type\":\"WebPage\",\"@id\":\"https:\/\/norskhavvind.no\/personvern\/\",\"url\":\"https:\/\/norskhavvind.no\/personvern\/\",\"name\":\"Personvern - Norsk Havvind\",\"isPartOf\":{\"@id\":\"https:\/\/norskhavvind.no\/#website\"},\"datePublished\":\"2021-02-22T12:18:52+00:00\",\"dateModified\":\"2021-02-24T14:28:44+00:00\",\"breadcrumb\":{\"@id\":\"https:\/\/norskhavvind.no\/personvern\/#breadcrumb\"},\"inLanguage\":\"en-GB\",\"potentialAction\":[{\"@type\":\"ReadAction\",\"target\":[\"https:\/\/norskhavvind.no\/personvern\/\"]}]},{\"@type\":\"BreadcrumbList\",\"@id\":\"https:\/\/norskhavvind.no\/personvern\/#breadcrumb\",\"itemListElement\":[{\"@type\":\"ListItem\",\"position\":1,\"name\":\"Home\",\"item\":\"https:\/\/norskhavvind.no\/\"},{\"@type\":\"ListItem\",\"position\":2,\"name\":\"Personvern\"}]},{\"@type\":\"WebSite\",\"@id\":\"https:\/\/norskhavvind.no\/#website\",\"url\":\"https:\/\/norskhavvind.no\/\",\"name\":\"Norsk Havvind\",\"description\":\"\",\"publisher\":{\"@id\":\"https:\/\/norskhavvind.no\/#organization\"},\"potentialAction\":[{\"@type\":\"SearchAction\",\"target\":{\"@type\":\"EntryPoint\",\"urlTemplate\":\"https:\/\/norskhavvind.no\/?s={search_term_string}\"},\"query-input\":\"required name=search_term_string\"}],\"inLanguage\":\"en-GB\"},{\"@type\":\"Organization\",\"@id\":\"https:\/\/norskhavvind.no\/#organization\",\"name\":\"Norsk Havvind\",\"url\":\"https:\/\/norskhavvind.no\/\",\"logo\":{\"@type\":\"ImageObject\",\"inLanguage\":\"en-GB\",\"@id\":\"https:\/\/norskhavvind.no\/#\/schema\/logo\/image\/\",\"url\":\"https:\/\/norskhavvind.no\/wp-content\/uploads\/2021\/02\/NorskHavvind_logo_rgb.svg\",\"contentUrl\":\"https:\/\/norskhavvind.no\/wp-content\/uploads\/2021\/02\/NorskHavvind_logo_rgb.svg\",\"width\":297.56,\"height\":79.59,\"caption\":\"Norsk Havvind\"},\"image\":{\"@id\":\"https:\/\/norskhavvind.no\/#\/schema\/logo\/image\/\"}}]}<\/script>\n<!-- \/ Yoast SEO plugin. -->","yoast_head_json":{"title":"Personvern - Norsk Havvind","robots":{"index":"index","follow":"follow","max-snippet":"max-snippet:-1","max-image-preview":"max-image-preview:large","max-video-preview":"max-video-preview:-1"},"canonical":"https:\/\/norskhavvind.no\/en\/personvern\/","og_locale":"en_GB","og_type":"article","og_title":"Personvern - Norsk Havvind","og_description":"Denne siden inneholder informasjon du har krav p\u00e5 n\u00e5r det samles inn opplysninger fra nettsidene v\u00e5re, og generell informasjon om hvordan vi behandler personopplysninger. Norsk Havvind er behandlingsansvarlig for virksomhetens behandling av personopplysninger. Behandlingsgrunnlaget er samtykke fra den enkelte, med mindre annet er spesifisert. Hva mener vi med personopplysninger? Personopplysninger er informasjon som kan knyttes [&hellip;]","og_url":"https:\/\/norskhavvind.no\/en\/personvern\/","og_site_name":"Norsk Havvind","article_modified_time":"2021-02-24T14:28:44+00:00","twitter_card":"summary_large_image","twitter_misc":{"Estimated reading time":"2 minutes"},"schema":{"@context":"https:\/\/schema.org","@graph":[{"@type":"WebPage","@id":"https:\/\/norskhavvind.no\/personvern\/","url":"https:\/\/norskhavvind.no\/personvern\/","name":"Personvern - Norsk Havvind","isPartOf":{"@id":"https:\/\/norskhavvind.no\/#website"},"datePublished":"2021-02-22T12:18:52+00:00","dateModified":"2021-02-24T14:28:44+00:00","breadcrumb":{"@id":"https:\/\/norskhavvind.no\/personvern\/#breadcrumb"},"inLanguage":"en-GB","potentialAction":[{"@type":"ReadAction","target":["https:\/\/norskhavvind.no\/personvern\/"]}]},{"@type":"BreadcrumbList","@id":"https:\/\/norskhavvind.no\/personvern\/#breadcrumb","itemListElement":[{"@type":"ListItem","position":1,"name":"Home","item":"https:\/\/norskhavvind.no\/"},{"@type":"ListItem","position":2,"name":"Personvern"}]},{"@type":"WebSite","@id":"https:\/\/norskhavvind.no\/#website","url":"https:\/\/norskhavvind.no\/","name":"Norsk Havvind","description":"","publisher":{"@id":"https:\/\/norskhavvind.no\/#organization"},"potentialAction":[{"@type":"SearchAction","target":{"@type":"EntryPoint","urlTemplate":"https:\/\/norskhavvind.no\/?s={search_term_string}"},"query-input":"required name=search_term_string"}],"inLanguage":"en-GB"},{"@type":"Organization","@id":"https:\/\/norskhavvind.no\/#organization","name":"Norsk Havvind","url":"https:\/\/norskhavvind.no\/","logo":{"@type":"ImageObject","inLanguage":"en-GB","@id":"https:\/\/norskhavvind.no\/#\/schema\/logo\/image\/","url":"https:\/\/norskhavvind.no\/wp-content\/uploads\/2021\/02\/NorskHavvind_logo_rgb.svg","contentUrl":"https:\/\/norskhavvind.no\/wp-content\/uploads\/2021\/02\/NorskHavvind_logo_rgb.svg","width":297.56,"height":79.59,"caption":"Norsk Havvind"},"image":{"@id":"https:\/\/norskhavvind.no\/#\/schema\/logo\/image\/"}}]}},"_links":{"self":[{"href":"https:\/\/norskhavvind.no\/en\/wp-json\/wp\/v2\/pages\/35","targetHints":{"allow":["GET"]}}],"collection":[{"href":"https:\/\/norskhavvind.no\/en\/wp-json\/wp\/v2\/pages"}],"about":[{"href":"https:\/\/norskhavvind.no\/en\/wp-json\/wp\/v2\/types\/page"}],"author":[{"embeddable":true,"href":"https:\/\/norskhavvind.no\/en\/wp-json\/wp\/v2\/users\/1"}],"replies":[{"embeddable":true,"href":"https:\/\/norskhavvind.no\/en\/wp-json\/wp\/v2\/comments?post=35"}],"version-history":[{"count":0,"href":"https:\/\/norskhavvind.no\/en\/wp-json\/wp\/v2\/pages\/35\/revisions"}],"wp:attachment":[{"href":"https:\/\/norskhavvind.no\/en\/wp-json\/wp\/v2\/media?parent=35"}],"curies":[{"name":"wp","href":"https:\/\/api.w.org\/{rel}","templated":true}]}}