{"id":312,"date":"2022-09-07T10:56:54","date_gmt":"2022-09-07T08:56:54","guid":{"rendered":"https:\/\/norskhavvind.no\/?page_id=312"},"modified":"2022-09-07T10:56:54","modified_gmt":"2022-09-07T08:56:54","slug":"leverandorer","status":"publish","type":"page","link":"https:\/\/norskhavvind.no\/en\/suppliers\/","title":{"rendered":"Suppliers"},"content":{"rendered":"<h2>An ocean of possibilities<\/h2>\n<p>Interested in being part of this new, Norwegian industrial adventure? We would like to engage with Norwegian supply chain companies, and other stakeholders in connection with the upcoming offshore wind opportunities in Norway.<\/p>\n<p>Find our supplier form at <a href=\"https:\/\/skjoldblad.com\/en\/suppliers\/\" target=\"_blank\" rel=\"noopener\">skjoldblad.com\/en\/suppliers\/<\/a>.<\/p>","protected":false},"excerpt":{"rendered":"<p>Et hav av muligheter Interessert i \u00e5 v\u00e6re en del av dette nye, norske industrieventyret? I forbindelse med de kommende havvind-mulighetene i Norge, vil vi gjerne samarbeide med norske leverand\u00f8rselskaper og andre interessenter. Du finner v\u00e5rt leverand\u00f8rskjema p\u00e5 skjoldblad.com\/leverandorer.<\/p>","protected":false},"author":1,"featured_media":310,"parent":0,"menu_order":0,"comment_status":"closed","ping_status":"closed","template":"","meta":{"_acf_changed":false,"footnotes":"","_links_to":"","_links_to_target":""},"class_list":["post-312","page","type-page","status-publish","has-post-thumbnail","hentry"],"acf":[],"yoast_head":"<!-- This site is optimized with the Yoast SEO plugin v22.8 - https:\/\/yoast.com\/wordpress\/plugins\/seo\/ -->\n<title>Leverand\u00f8rer - Norsk Havvind<\/title>\n<meta name=\"robots\" content=\"index, follow, max-snippet:-1, max-image-preview:large, max-video-preview:-1\" \/>\n<link rel=\"canonical\" href=\"https:\/\/norskhavvind.no\/en\/suppliers\/\" \/>\n<meta property=\"og:locale\" content=\"en_GB\" \/>\n<meta property=\"og:type\" content=\"article\" \/>\n<meta property=\"og:title\" content=\"Leverand\u00f8rer - Norsk Havvind\" \/>\n<meta property=\"og:description\" content=\"Et hav av muligheter Interessert i \u00e5 v\u00e6re en del av dette nye, norske industrieventyret? I forbindelse med de kommende havvind-mulighetene i Norge, vil vi gjerne samarbeide med norske leverand\u00f8rselskaper og andre interessenter. Du finner v\u00e5rt leverand\u00f8rskjema p\u00e5 skjoldblad.com\/leverandorer.\" \/>\n<meta property=\"og:url\" content=\"https:\/\/norskhavvind.no\/en\/suppliers\/\" \/>\n<meta property=\"og:site_name\" content=\"Norsk Havvind\" \/>\n<meta property=\"og:image\" content=\"https:\/\/norskhavvind.no\/wp-content\/uploads\/2022\/09\/skjoldblad-1359146845_light.jpg\" \/>\n\t<meta property=\"og:image:width\" content=\"2000\" \/>\n\t<meta property=\"og:image:height\" content=\"1125\" \/>\n\t<meta property=\"og:image:type\" content=\"image\/jpeg\" \/>\n<meta name=\"twitter:card\" content=\"summary_large_image\" \/>\n<script type=\"application\/ld+json\" class=\"yoast-schema-graph\">{\"@context\":\"https:\/\/schema.org\",\"@graph\":[{\"@type\":\"WebPage\",\"@id\":\"https:\/\/norskhavvind.no\/leverandorer\/\",\"url\":\"https:\/\/norskhavvind.no\/leverandorer\/\",\"name\":\"Leverand\u00f8rer - Norsk Havvind\",\"isPartOf\":{\"@id\":\"https:\/\/norskhavvind.no\/#website\"},\"primaryImageOfPage\":{\"@id\":\"https:\/\/norskhavvind.no\/leverandorer\/#primaryimage\"},\"image\":{\"@id\":\"https:\/\/norskhavvind.no\/leverandorer\/#primaryimage\"},\"thumbnailUrl\":\"https:\/\/norskhavvind.no\/wp-content\/uploads\/2022\/09\/skjoldblad-1359146845_light.jpg\",\"datePublished\":\"2022-09-07T08:56:54+00:00\",\"dateModified\":\"2022-09-07T08:56:54+00:00\",\"breadcrumb\":{\"@id\":\"https:\/\/norskhavvind.no\/leverandorer\/#breadcrumb\"},\"inLanguage\":\"en-GB\",\"potentialAction\":[{\"@type\":\"ReadAction\",\"target\":[\"https:\/\/norskhavvind.no\/leverandorer\/\"]}]},{\"@type\":\"ImageObject\",\"inLanguage\":\"en-GB\",\"@id\":\"https:\/\/norskhavvind.no\/leverandorer\/#primaryimage\",\"url\":\"https:\/\/norskhavvind.no\/wp-content\/uploads\/2022\/09\/skjoldblad-1359146845_light.jpg\",\"contentUrl\":\"https:\/\/norskhavvind.no\/wp-content\/uploads\/2022\/09\/skjoldblad-1359146845_light.jpg\",\"width\":2000,\"height\":1125},{\"@type\":\"BreadcrumbList\",\"@id\":\"https:\/\/norskhavvind.no\/leverandorer\/#breadcrumb\",\"itemListElement\":[{\"@type\":\"ListItem\",\"position\":1,\"name\":\"Home\",\"item\":\"https:\/\/norskhavvind.no\/\"},{\"@type\":\"ListItem\",\"position\":2,\"name\":\"Leverand\u00f8rer\"}]},{\"@type\":\"WebSite\",\"@id\":\"https:\/\/norskhavvind.no\/#website\",\"url\":\"https:\/\/norskhavvind.no\/\",\"name\":\"Norsk Havvind\",\"description\":\"\",\"publisher\":{\"@id\":\"https:\/\/norskhavvind.no\/#organization\"},\"potentialAction\":[{\"@type\":\"SearchAction\",\"target\":{\"@type\":\"EntryPoint\",\"urlTemplate\":\"https:\/\/norskhavvind.no\/?s={search_term_string}\"},\"query-input\":\"required name=search_term_string\"}],\"inLanguage\":\"en-GB\"},{\"@type\":\"Organization\",\"@id\":\"https:\/\/norskhavvind.no\/#organization\",\"name\":\"Norsk Havvind\",\"url\":\"https:\/\/norskhavvind.no\/\",\"logo\":{\"@type\":\"ImageObject\",\"inLanguage\":\"en-GB\",\"@id\":\"https:\/\/norskhavvind.no\/#\/schema\/logo\/image\/\",\"url\":\"https:\/\/norskhavvind.no\/wp-content\/uploads\/2021\/02\/NorskHavvind_logo_rgb.svg\",\"contentUrl\":\"https:\/\/norskhavvind.no\/wp-content\/uploads\/2021\/02\/NorskHavvind_logo_rgb.svg\",\"width\":297.56,\"height\":79.59,\"caption\":\"Norsk Havvind\"},\"image\":{\"@id\":\"https:\/\/norskhavvind.no\/#\/schema\/logo\/image\/\"}}]}<\/script>\n<!-- \/ Yoast SEO plugin. -->","yoast_head_json":{"title":"Leverand\u00f8rer - Norsk Havvind","robots":{"index":"index","follow":"follow","max-snippet":"max-snippet:-1","max-image-preview":"max-image-preview:large","max-video-preview":"max-video-preview:-1"},"canonical":"https:\/\/norskhavvind.no\/en\/suppliers\/","og_locale":"en_GB","og_type":"article","og_title":"Leverand\u00f8rer - Norsk Havvind","og_description":"Et hav av muligheter Interessert i \u00e5 v\u00e6re en del av dette nye, norske industrieventyret? I forbindelse med de kommende havvind-mulighetene i Norge, vil vi gjerne samarbeide med norske leverand\u00f8rselskaper og andre interessenter. Du finner v\u00e5rt leverand\u00f8rskjema p\u00e5 skjoldblad.com\/leverandorer.","og_url":"https:\/\/norskhavvind.no\/en\/suppliers\/","og_site_name":"Norsk Havvind","og_image":[{"width":2000,"height":1125,"url":"https:\/\/norskhavvind.no\/wp-content\/uploads\/2022\/09\/skjoldblad-1359146845_light.jpg","type":"image\/jpeg"}],"twitter_card":"summary_large_image","schema":{"@context":"https:\/\/schema.org","@graph":[{"@type":"WebPage","@id":"https:\/\/norskhavvind.no\/leverandorer\/","url":"https:\/\/norskhavvind.no\/leverandorer\/","name":"Leverand\u00f8rer - Norsk Havvind","isPartOf":{"@id":"https:\/\/norskhavvind.no\/#website"},"primaryImageOfPage":{"@id":"https:\/\/norskhavvind.no\/leverandorer\/#primaryimage"},"image":{"@id":"https:\/\/norskhavvind.no\/leverandorer\/#primaryimage"},"thumbnailUrl":"https:\/\/norskhavvind.no\/wp-content\/uploads\/2022\/09\/skjoldblad-1359146845_light.jpg","datePublished":"2022-09-07T08:56:54+00:00","dateModified":"2022-09-07T08:56:54+00:00","breadcrumb":{"@id":"https:\/\/norskhavvind.no\/leverandorer\/#breadcrumb"},"inLanguage":"en-GB","potentialAction":[{"@type":"ReadAction","target":["https:\/\/norskhavvind.no\/leverandorer\/"]}]},{"@type":"ImageObject","inLanguage":"en-GB","@id":"https:\/\/norskhavvind.no\/leverandorer\/#primaryimage","url":"https:\/\/norskhavvind.no\/wp-content\/uploads\/2022\/09\/skjoldblad-1359146845_light.jpg","contentUrl":"https:\/\/norskhavvind.no\/wp-content\/uploads\/2022\/09\/skjoldblad-1359146845_light.jpg","width":2000,"height":1125},{"@type":"BreadcrumbList","@id":"https:\/\/norskhavvind.no\/leverandorer\/#breadcrumb","itemListElement":[{"@type":"ListItem","position":1,"name":"Home","item":"https:\/\/norskhavvind.no\/"},{"@type":"ListItem","position":2,"name":"Leverand\u00f8rer"}]},{"@type":"WebSite","@id":"https:\/\/norskhavvind.no\/#website","url":"https:\/\/norskhavvind.no\/","name":"Norsk Havvind","description":"","publisher":{"@id":"https:\/\/norskhavvind.no\/#organization"},"potentialAction":[{"@type":"SearchAction","target":{"@type":"EntryPoint","urlTemplate":"https:\/\/norskhavvind.no\/?s={search_term_string}"},"query-input":"required name=search_term_string"}],"inLanguage":"en-GB"},{"@type":"Organization","@id":"https:\/\/norskhavvind.no\/#organization","name":"Norsk Havvind","url":"https:\/\/norskhavvind.no\/","logo":{"@type":"ImageObject","inLanguage":"en-GB","@id":"https:\/\/norskhavvind.no\/#\/schema\/logo\/image\/","url":"https:\/\/norskhavvind.no\/wp-content\/uploads\/2021\/02\/NorskHavvind_logo_rgb.svg","contentUrl":"https:\/\/norskhavvind.no\/wp-content\/uploads\/2021\/02\/NorskHavvind_logo_rgb.svg","width":297.56,"height":79.59,"caption":"Norsk Havvind"},"image":{"@id":"https:\/\/norskhavvind.no\/#\/schema\/logo\/image\/"}}]}},"_links":{"self":[{"href":"https:\/\/norskhavvind.no\/en\/wp-json\/wp\/v2\/pages\/312","targetHints":{"allow":["GET"]}}],"collection":[{"href":"https:\/\/norskhavvind.no\/en\/wp-json\/wp\/v2\/pages"}],"about":[{"href":"https:\/\/norskhavvind.no\/en\/wp-json\/wp\/v2\/types\/page"}],"author":[{"embeddable":true,"href":"https:\/\/norskhavvind.no\/en\/wp-json\/wp\/v2\/users\/1"}],"replies":[{"embeddable":true,"href":"https:\/\/norskhavvind.no\/en\/wp-json\/wp\/v2\/comments?post=312"}],"version-history":[{"count":0,"href":"https:\/\/norskhavvind.no\/en\/wp-json\/wp\/v2\/pages\/312\/revisions"}],"wp:featuredmedia":[{"embeddable":true,"href":"https:\/\/norskhavvind.no\/en\/wp-json\/wp\/v2\/media\/310"}],"wp:attachment":[{"href":"https:\/\/norskhavvind.no\/en\/wp-json\/wp\/v2\/media?parent=312"}],"curies":[{"name":"wp","href":"https:\/\/api.w.org\/{rel}","templated":true}]}}