{"id":156,"date":"2021-02-24T09:53:36","date_gmt":"2021-02-24T08:53:36","guid":{"rendered":"https:\/\/norskhavvind.wpengine.com\/?page_id=156"},"modified":"2021-02-25T18:13:56","modified_gmt":"2021-02-25T17:13:56","slug":"eierskap","status":"publish","type":"page","link":"https:\/\/norskhavvind.no\/en\/eierskap\/","title":{"rendered":"Ownership"},"content":{"rendered":"<h2>Valinor is a Norwegian family-owned investment company that has extensive experience in building successful businesses.<\/h2>\n<p>The future consequences of climate change are uncertain, but the trends are clear, and this means that we must act now. This requires investments that take people and our planet into account.<\/p>\n<p>For almost 25 years, Valinor has been involved in early-stage investments in cutting-edge companies to enable solutions for tomorrow. Valinor reinvest 90 percent of the return in renewable energy, infrastructure, and aquaculture.<\/p>\n<p>Companies under the Valinor Energy grouping have together finalized over 900 MW of renewable energy projects in wind- and solar power in Norway and abroad. Norsk Havvind is placed hereunder.  Valinor are proudly invested in Norsk Havvind.<\/p>","protected":false},"excerpt":{"rendered":"<p>Valinor er et norsk familieeid investeringsselskap som har h\u00e5ndfast erfaring med \u00e5 bygge suksessrike bedrifter. Hvilke klimaendringer som kommer i fremtiden er usikkert, men trendene er tydelige og dette gj\u00f8r at vi m\u00e5 handle n\u00e5. Det krever investeringer som hensyntar b\u00e5de planeten v\u00e5r og oss som lever p\u00e5 den. I snart 25 \u00e5r har Valinor [&hellip;]<\/p>","protected":false},"author":1,"featured_media":226,"parent":0,"menu_order":0,"comment_status":"closed","ping_status":"closed","template":"","meta":{"_acf_changed":false,"footnotes":"","_links_to":"","_links_to_target":""},"class_list":["post-156","page","type-page","status-publish","has-post-thumbnail","hentry"],"acf":[],"yoast_head":"<!-- This site is optimized with the Yoast SEO plugin v22.8 - https:\/\/yoast.com\/wordpress\/plugins\/seo\/ -->\n<title>Eierskap - Norsk Havvind<\/title>\n<meta name=\"robots\" content=\"index, follow, max-snippet:-1, max-image-preview:large, max-video-preview:-1\" \/>\n<link rel=\"canonical\" href=\"https:\/\/norskhavvind.no\/en\/eierskap\/\" \/>\n<meta property=\"og:locale\" content=\"en_GB\" \/>\n<meta property=\"og:type\" content=\"article\" \/>\n<meta property=\"og:title\" content=\"Eierskap - Norsk Havvind\" \/>\n<meta property=\"og:description\" content=\"Valinor er et norsk familieeid investeringsselskap som har h\u00e5ndfast erfaring med \u00e5 bygge suksessrike bedrifter. Hvilke klimaendringer som kommer i fremtiden er usikkert, men trendene er tydelige og dette gj\u00f8r at vi m\u00e5 handle n\u00e5. Det krever investeringer som hensyntar b\u00e5de planeten v\u00e5r og oss som lever p\u00e5 den. I snart 25 \u00e5r har Valinor [&hellip;]\" \/>\n<meta property=\"og:url\" content=\"https:\/\/norskhavvind.no\/en\/eierskap\/\" \/>\n<meta property=\"og:site_name\" content=\"Norsk Havvind\" \/>\n<meta property=\"article:modified_time\" content=\"2021-02-25T17:13:56+00:00\" \/>\n<meta property=\"og:image\" content=\"https:\/\/norskhavvind.no\/wp-content\/uploads\/2021\/02\/valinor-logo-light-bg.png\" \/>\n\t<meta property=\"og:image:width\" content=\"1536\" \/>\n\t<meta property=\"og:image:height\" content=\"983\" \/>\n\t<meta property=\"og:image:type\" content=\"image\/png\" \/>\n<meta name=\"twitter:card\" content=\"summary_large_image\" \/>\n<meta name=\"twitter:label1\" content=\"Estimated reading time\" \/>\n\t<meta name=\"twitter:data1\" content=\"1 minute\" \/>\n<script type=\"application\/ld+json\" class=\"yoast-schema-graph\">{\"@context\":\"https:\/\/schema.org\",\"@graph\":[{\"@type\":\"WebPage\",\"@id\":\"https:\/\/norskhavvind.no\/eierskap\/\",\"url\":\"https:\/\/norskhavvind.no\/eierskap\/\",\"name\":\"Eierskap - Norsk Havvind\",\"isPartOf\":{\"@id\":\"https:\/\/norskhavvind.no\/#website\"},\"primaryImageOfPage\":{\"@id\":\"https:\/\/norskhavvind.no\/eierskap\/#primaryimage\"},\"image\":{\"@id\":\"https:\/\/norskhavvind.no\/eierskap\/#primaryimage\"},\"thumbnailUrl\":\"https:\/\/norskhavvind.no\/wp-content\/uploads\/2021\/02\/valinor-logo-light-bg.png\",\"datePublished\":\"2021-02-24T08:53:36+00:00\",\"dateModified\":\"2021-02-25T17:13:56+00:00\",\"breadcrumb\":{\"@id\":\"https:\/\/norskhavvind.no\/eierskap\/#breadcrumb\"},\"inLanguage\":\"en-GB\",\"potentialAction\":[{\"@type\":\"ReadAction\",\"target\":[\"https:\/\/norskhavvind.no\/eierskap\/\"]}]},{\"@type\":\"ImageObject\",\"inLanguage\":\"en-GB\",\"@id\":\"https:\/\/norskhavvind.no\/eierskap\/#primaryimage\",\"url\":\"https:\/\/norskhavvind.no\/wp-content\/uploads\/2021\/02\/valinor-logo-light-bg.png\",\"contentUrl\":\"https:\/\/norskhavvind.no\/wp-content\/uploads\/2021\/02\/valinor-logo-light-bg.png\",\"width\":1536,\"height\":983,\"caption\":\"Valinor logo\"},{\"@type\":\"BreadcrumbList\",\"@id\":\"https:\/\/norskhavvind.no\/eierskap\/#breadcrumb\",\"itemListElement\":[{\"@type\":\"ListItem\",\"position\":1,\"name\":\"Home\",\"item\":\"https:\/\/norskhavvind.no\/\"},{\"@type\":\"ListItem\",\"position\":2,\"name\":\"Eierskap\"}]},{\"@type\":\"WebSite\",\"@id\":\"https:\/\/norskhavvind.no\/#website\",\"url\":\"https:\/\/norskhavvind.no\/\",\"name\":\"Norsk Havvind\",\"description\":\"\",\"publisher\":{\"@id\":\"https:\/\/norskhavvind.no\/#organization\"},\"potentialAction\":[{\"@type\":\"SearchAction\",\"target\":{\"@type\":\"EntryPoint\",\"urlTemplate\":\"https:\/\/norskhavvind.no\/?s={search_term_string}\"},\"query-input\":\"required name=search_term_string\"}],\"inLanguage\":\"en-GB\"},{\"@type\":\"Organization\",\"@id\":\"https:\/\/norskhavvind.no\/#organization\",\"name\":\"Norsk Havvind\",\"url\":\"https:\/\/norskhavvind.no\/\",\"logo\":{\"@type\":\"ImageObject\",\"inLanguage\":\"en-GB\",\"@id\":\"https:\/\/norskhavvind.no\/#\/schema\/logo\/image\/\",\"url\":\"https:\/\/norskhavvind.no\/wp-content\/uploads\/2021\/02\/NorskHavvind_logo_rgb.svg\",\"contentUrl\":\"https:\/\/norskhavvind.no\/wp-content\/uploads\/2021\/02\/NorskHavvind_logo_rgb.svg\",\"width\":297.56,\"height\":79.59,\"caption\":\"Norsk Havvind\"},\"image\":{\"@id\":\"https:\/\/norskhavvind.no\/#\/schema\/logo\/image\/\"}}]}<\/script>\n<!-- \/ Yoast SEO plugin. -->","yoast_head_json":{"title":"Eierskap - Norsk Havvind","robots":{"index":"index","follow":"follow","max-snippet":"max-snippet:-1","max-image-preview":"max-image-preview:large","max-video-preview":"max-video-preview:-1"},"canonical":"https:\/\/norskhavvind.no\/en\/eierskap\/","og_locale":"en_GB","og_type":"article","og_title":"Eierskap - Norsk Havvind","og_description":"Valinor er et norsk familieeid investeringsselskap som har h\u00e5ndfast erfaring med \u00e5 bygge suksessrike bedrifter. Hvilke klimaendringer som kommer i fremtiden er usikkert, men trendene er tydelige og dette gj\u00f8r at vi m\u00e5 handle n\u00e5. Det krever investeringer som hensyntar b\u00e5de planeten v\u00e5r og oss som lever p\u00e5 den. I snart 25 \u00e5r har Valinor [&hellip;]","og_url":"https:\/\/norskhavvind.no\/en\/eierskap\/","og_site_name":"Norsk Havvind","article_modified_time":"2021-02-25T17:13:56+00:00","og_image":[{"width":1536,"height":983,"url":"https:\/\/norskhavvind.no\/wp-content\/uploads\/2021\/02\/valinor-logo-light-bg.png","type":"image\/png"}],"twitter_card":"summary_large_image","twitter_misc":{"Estimated reading time":"1 minute"},"schema":{"@context":"https:\/\/schema.org","@graph":[{"@type":"WebPage","@id":"https:\/\/norskhavvind.no\/eierskap\/","url":"https:\/\/norskhavvind.no\/eierskap\/","name":"Eierskap - Norsk Havvind","isPartOf":{"@id":"https:\/\/norskhavvind.no\/#website"},"primaryImageOfPage":{"@id":"https:\/\/norskhavvind.no\/eierskap\/#primaryimage"},"image":{"@id":"https:\/\/norskhavvind.no\/eierskap\/#primaryimage"},"thumbnailUrl":"https:\/\/norskhavvind.no\/wp-content\/uploads\/2021\/02\/valinor-logo-light-bg.png","datePublished":"2021-02-24T08:53:36+00:00","dateModified":"2021-02-25T17:13:56+00:00","breadcrumb":{"@id":"https:\/\/norskhavvind.no\/eierskap\/#breadcrumb"},"inLanguage":"en-GB","potentialAction":[{"@type":"ReadAction","target":["https:\/\/norskhavvind.no\/eierskap\/"]}]},{"@type":"ImageObject","inLanguage":"en-GB","@id":"https:\/\/norskhavvind.no\/eierskap\/#primaryimage","url":"https:\/\/norskhavvind.no\/wp-content\/uploads\/2021\/02\/valinor-logo-light-bg.png","contentUrl":"https:\/\/norskhavvind.no\/wp-content\/uploads\/2021\/02\/valinor-logo-light-bg.png","width":1536,"height":983,"caption":"Valinor logo"},{"@type":"BreadcrumbList","@id":"https:\/\/norskhavvind.no\/eierskap\/#breadcrumb","itemListElement":[{"@type":"ListItem","position":1,"name":"Home","item":"https:\/\/norskhavvind.no\/"},{"@type":"ListItem","position":2,"name":"Eierskap"}]},{"@type":"WebSite","@id":"https:\/\/norskhavvind.no\/#website","url":"https:\/\/norskhavvind.no\/","name":"Norsk Havvind","description":"","publisher":{"@id":"https:\/\/norskhavvind.no\/#organization"},"potentialAction":[{"@type":"SearchAction","target":{"@type":"EntryPoint","urlTemplate":"https:\/\/norskhavvind.no\/?s={search_term_string}"},"query-input":"required name=search_term_string"}],"inLanguage":"en-GB"},{"@type":"Organization","@id":"https:\/\/norskhavvind.no\/#organization","name":"Norsk Havvind","url":"https:\/\/norskhavvind.no\/","logo":{"@type":"ImageObject","inLanguage":"en-GB","@id":"https:\/\/norskhavvind.no\/#\/schema\/logo\/image\/","url":"https:\/\/norskhavvind.no\/wp-content\/uploads\/2021\/02\/NorskHavvind_logo_rgb.svg","contentUrl":"https:\/\/norskhavvind.no\/wp-content\/uploads\/2021\/02\/NorskHavvind_logo_rgb.svg","width":297.56,"height":79.59,"caption":"Norsk Havvind"},"image":{"@id":"https:\/\/norskhavvind.no\/#\/schema\/logo\/image\/"}}]}},"_links":{"self":[{"href":"https:\/\/norskhavvind.no\/en\/wp-json\/wp\/v2\/pages\/156","targetHints":{"allow":["GET"]}}],"collection":[{"href":"https:\/\/norskhavvind.no\/en\/wp-json\/wp\/v2\/pages"}],"about":[{"href":"https:\/\/norskhavvind.no\/en\/wp-json\/wp\/v2\/types\/page"}],"author":[{"embeddable":true,"href":"https:\/\/norskhavvind.no\/en\/wp-json\/wp\/v2\/users\/1"}],"replies":[{"embeddable":true,"href":"https:\/\/norskhavvind.no\/en\/wp-json\/wp\/v2\/comments?post=156"}],"version-history":[{"count":0,"href":"https:\/\/norskhavvind.no\/en\/wp-json\/wp\/v2\/pages\/156\/revisions"}],"wp:featuredmedia":[{"embeddable":true,"href":"https:\/\/norskhavvind.no\/en\/wp-json\/wp\/v2\/media\/226"}],"wp:attachment":[{"href":"https:\/\/norskhavvind.no\/en\/wp-json\/wp\/v2\/media?parent=156"}],"curies":[{"name":"wp","href":"https:\/\/api.w.org\/{rel}","templated":true}]}}