{"id":155,"date":"2021-02-24T09:53:05","date_gmt":"2021-02-24T08:53:05","guid":{"rendered":"https:\/\/norskhavvind.wpengine.com\/?page_id=155"},"modified":"2023-01-19T12:57:11","modified_gmt":"2023-01-19T11:57:11","slug":"perspektiv","status":"publish","type":"page","link":"https:\/\/norskhavvind.no\/en\/perspektiv\/","title":{"rendered":"Perspectives"},"content":{"rendered":"<h2>The EU's plan for the energy sector means that offshore wind will become the largest contributor to power generation in Europe<\/h2>\n<p>Offshore wind must first contribute to i) resolving Norway's expected deficit in power production and ii) meeting our climate commitments.<\/p>\n<p>According to Statnett, Norway's energy balance in a normal year goes from a surplus in 2022 of approx. 18 TWh, to a deficit in 2027 of 2 TWh. In the same time period, Southern Norway goes from a surplus of around 7 TWh to a deficit of 7 TWh. Without replenishment of new power production, the deficit could be even greater if consumption does not decline due to higher prices in Norway than in our neighboring countries.<\/p>\n<p>Norway must cut greenhouse gas emissions by 55% by 2030. Fossil energy covers almost half of Norwegian energy consumption (transport, industry, offshore etc.). This means that the energy system in Norway must be changed significantly, and industry must be restructured to cut emissions of greenhouse gases. In addition, industrial growth will increase the need for more emission-free energy.<\/p>\n<p>We believe Norwegian policy can also show the way for a large number of offshore wind farms on the Norwegian continental shelf, which in the long term are connected to the same network with connections to the continent \/ Great Britain. Such a perspective will provide:<\/p>\n<ul>\n<li>a contribution to the de-carbonisation of Europe,<\/li>\n<li>export income to Norway,<\/li>\n<li>development of a large and diverse Norwegian supplier industry.<\/li>\n<\/ul>\n<p>A parallel can be drawn from the development of Norwegian gas exports to the possible development of offshore wind power as a new and large Norwegian export industry.<\/p>","protected":false},"excerpt":{"rendered":"<p>EUs plan for energisektoren inneb\u00e6rer at havvind blir den st\u00f8rste bidragsyteren til kraftgenerering i Europa. Havvind m\u00e5 f\u00f8rst bidra til \u00e5 i) l\u00f8se Norges forventede underskudd av kraftproduksjon og ii) n\u00e5 v\u00e5re klimaforpliktelser. If\u00f8lge Statnett g\u00e5r Norges energibalanse i et normal\u00e5r fra et overskudd i 2022 p\u00e5 ca. 18 TWh, til et underskudd i 2027 [&hellip;]<\/p>","protected":false},"author":1,"featured_media":145,"parent":0,"menu_order":0,"comment_status":"closed","ping_status":"closed","template":"","meta":{"_acf_changed":false,"footnotes":"","_links_to":"","_links_to_target":""},"class_list":["post-155","page","type-page","status-publish","has-post-thumbnail","hentry"],"acf":[],"yoast_head":"<!-- This site is optimized with the Yoast SEO plugin v22.8 - https:\/\/yoast.com\/wordpress\/plugins\/seo\/ -->\n<title>Perspektiv - Norsk Havvind<\/title>\n<meta name=\"robots\" content=\"index, follow, max-snippet:-1, max-image-preview:large, max-video-preview:-1\" \/>\n<link rel=\"canonical\" href=\"https:\/\/norskhavvind.no\/en\/perspektiv\/\" \/>\n<meta property=\"og:locale\" content=\"en_GB\" \/>\n<meta property=\"og:type\" content=\"article\" \/>\n<meta property=\"og:title\" content=\"Perspektiv - Norsk Havvind\" \/>\n<meta property=\"og:description\" content=\"EUs plan for energisektoren inneb\u00e6rer at havvind blir den st\u00f8rste bidragsyteren til kraftgenerering i Europa. Havvind m\u00e5 f\u00f8rst bidra til \u00e5 i) l\u00f8se Norges forventede underskudd av kraftproduksjon og ii) n\u00e5 v\u00e5re klimaforpliktelser. If\u00f8lge Statnett g\u00e5r Norges energibalanse i et normal\u00e5r fra et overskudd i 2022 p\u00e5 ca. 18 TWh, til et underskudd i 2027 [&hellip;]\" \/>\n<meta property=\"og:url\" content=\"https:\/\/norskhavvind.no\/en\/perspektiv\/\" \/>\n<meta property=\"og:site_name\" content=\"Norsk Havvind\" \/>\n<meta property=\"article:modified_time\" content=\"2023-01-19T11:57:11+00:00\" \/>\n<meta property=\"og:image\" content=\"https:\/\/norskhavvind.no\/wp-content\/uploads\/2021\/02\/norsk-havvind-3-1138600471.jpg\" \/>\n\t<meta property=\"og:image:width\" content=\"1800\" \/>\n\t<meta property=\"og:image:height\" content=\"1013\" \/>\n\t<meta property=\"og:image:type\" content=\"image\/jpeg\" \/>\n<meta name=\"twitter:card\" content=\"summary_large_image\" \/>\n<meta name=\"twitter:label1\" content=\"Estimated reading time\" \/>\n\t<meta name=\"twitter:data1\" content=\"2 minutes\" \/>\n<script type=\"application\/ld+json\" class=\"yoast-schema-graph\">{\"@context\":\"https:\/\/schema.org\",\"@graph\":[{\"@type\":\"WebPage\",\"@id\":\"https:\/\/norskhavvind.no\/perspektiv\/\",\"url\":\"https:\/\/norskhavvind.no\/perspektiv\/\",\"name\":\"Perspektiv - Norsk Havvind\",\"isPartOf\":{\"@id\":\"https:\/\/norskhavvind.no\/#website\"},\"primaryImageOfPage\":{\"@id\":\"https:\/\/norskhavvind.no\/perspektiv\/#primaryimage\"},\"image\":{\"@id\":\"https:\/\/norskhavvind.no\/perspektiv\/#primaryimage\"},\"thumbnailUrl\":\"https:\/\/norskhavvind.no\/wp-content\/uploads\/2021\/02\/norsk-havvind-3-1138600471.jpg\",\"datePublished\":\"2021-02-24T08:53:05+00:00\",\"dateModified\":\"2023-01-19T11:57:11+00:00\",\"breadcrumb\":{\"@id\":\"https:\/\/norskhavvind.no\/perspektiv\/#breadcrumb\"},\"inLanguage\":\"en-GB\",\"potentialAction\":[{\"@type\":\"ReadAction\",\"target\":[\"https:\/\/norskhavvind.no\/perspektiv\/\"]}]},{\"@type\":\"ImageObject\",\"inLanguage\":\"en-GB\",\"@id\":\"https:\/\/norskhavvind.no\/perspektiv\/#primaryimage\",\"url\":\"https:\/\/norskhavvind.no\/wp-content\/uploads\/2021\/02\/norsk-havvind-3-1138600471.jpg\",\"contentUrl\":\"https:\/\/norskhavvind.no\/wp-content\/uploads\/2021\/02\/norsk-havvind-3-1138600471.jpg\",\"width\":1800,\"height\":1013},{\"@type\":\"BreadcrumbList\",\"@id\":\"https:\/\/norskhavvind.no\/perspektiv\/#breadcrumb\",\"itemListElement\":[{\"@type\":\"ListItem\",\"position\":1,\"name\":\"Home\",\"item\":\"https:\/\/norskhavvind.no\/\"},{\"@type\":\"ListItem\",\"position\":2,\"name\":\"Perspektiv\"}]},{\"@type\":\"WebSite\",\"@id\":\"https:\/\/norskhavvind.no\/#website\",\"url\":\"https:\/\/norskhavvind.no\/\",\"name\":\"Norsk Havvind\",\"description\":\"\",\"publisher\":{\"@id\":\"https:\/\/norskhavvind.no\/#organization\"},\"potentialAction\":[{\"@type\":\"SearchAction\",\"target\":{\"@type\":\"EntryPoint\",\"urlTemplate\":\"https:\/\/norskhavvind.no\/?s={search_term_string}\"},\"query-input\":\"required name=search_term_string\"}],\"inLanguage\":\"en-GB\"},{\"@type\":\"Organization\",\"@id\":\"https:\/\/norskhavvind.no\/#organization\",\"name\":\"Norsk Havvind\",\"url\":\"https:\/\/norskhavvind.no\/\",\"logo\":{\"@type\":\"ImageObject\",\"inLanguage\":\"en-GB\",\"@id\":\"https:\/\/norskhavvind.no\/#\/schema\/logo\/image\/\",\"url\":\"https:\/\/norskhavvind.no\/wp-content\/uploads\/2021\/02\/NorskHavvind_logo_rgb.svg\",\"contentUrl\":\"https:\/\/norskhavvind.no\/wp-content\/uploads\/2021\/02\/NorskHavvind_logo_rgb.svg\",\"width\":297.56,\"height\":79.59,\"caption\":\"Norsk Havvind\"},\"image\":{\"@id\":\"https:\/\/norskhavvind.no\/#\/schema\/logo\/image\/\"}}]}<\/script>\n<!-- \/ Yoast SEO plugin. -->","yoast_head_json":{"title":"Perspektiv - Norsk Havvind","robots":{"index":"index","follow":"follow","max-snippet":"max-snippet:-1","max-image-preview":"max-image-preview:large","max-video-preview":"max-video-preview:-1"},"canonical":"https:\/\/norskhavvind.no\/en\/perspektiv\/","og_locale":"en_GB","og_type":"article","og_title":"Perspektiv - Norsk Havvind","og_description":"EUs plan for energisektoren inneb\u00e6rer at havvind blir den st\u00f8rste bidragsyteren til kraftgenerering i Europa. Havvind m\u00e5 f\u00f8rst bidra til \u00e5 i) l\u00f8se Norges forventede underskudd av kraftproduksjon og ii) n\u00e5 v\u00e5re klimaforpliktelser. If\u00f8lge Statnett g\u00e5r Norges energibalanse i et normal\u00e5r fra et overskudd i 2022 p\u00e5 ca. 18 TWh, til et underskudd i 2027 [&hellip;]","og_url":"https:\/\/norskhavvind.no\/en\/perspektiv\/","og_site_name":"Norsk Havvind","article_modified_time":"2023-01-19T11:57:11+00:00","og_image":[{"width":1800,"height":1013,"url":"https:\/\/norskhavvind.no\/wp-content\/uploads\/2021\/02\/norsk-havvind-3-1138600471.jpg","type":"image\/jpeg"}],"twitter_card":"summary_large_image","twitter_misc":{"Estimated reading time":"2 minutes"},"schema":{"@context":"https:\/\/schema.org","@graph":[{"@type":"WebPage","@id":"https:\/\/norskhavvind.no\/perspektiv\/","url":"https:\/\/norskhavvind.no\/perspektiv\/","name":"Perspektiv - Norsk Havvind","isPartOf":{"@id":"https:\/\/norskhavvind.no\/#website"},"primaryImageOfPage":{"@id":"https:\/\/norskhavvind.no\/perspektiv\/#primaryimage"},"image":{"@id":"https:\/\/norskhavvind.no\/perspektiv\/#primaryimage"},"thumbnailUrl":"https:\/\/norskhavvind.no\/wp-content\/uploads\/2021\/02\/norsk-havvind-3-1138600471.jpg","datePublished":"2021-02-24T08:53:05+00:00","dateModified":"2023-01-19T11:57:11+00:00","breadcrumb":{"@id":"https:\/\/norskhavvind.no\/perspektiv\/#breadcrumb"},"inLanguage":"en-GB","potentialAction":[{"@type":"ReadAction","target":["https:\/\/norskhavvind.no\/perspektiv\/"]}]},{"@type":"ImageObject","inLanguage":"en-GB","@id":"https:\/\/norskhavvind.no\/perspektiv\/#primaryimage","url":"https:\/\/norskhavvind.no\/wp-content\/uploads\/2021\/02\/norsk-havvind-3-1138600471.jpg","contentUrl":"https:\/\/norskhavvind.no\/wp-content\/uploads\/2021\/02\/norsk-havvind-3-1138600471.jpg","width":1800,"height":1013},{"@type":"BreadcrumbList","@id":"https:\/\/norskhavvind.no\/perspektiv\/#breadcrumb","itemListElement":[{"@type":"ListItem","position":1,"name":"Home","item":"https:\/\/norskhavvind.no\/"},{"@type":"ListItem","position":2,"name":"Perspektiv"}]},{"@type":"WebSite","@id":"https:\/\/norskhavvind.no\/#website","url":"https:\/\/norskhavvind.no\/","name":"Norsk Havvind","description":"","publisher":{"@id":"https:\/\/norskhavvind.no\/#organization"},"potentialAction":[{"@type":"SearchAction","target":{"@type":"EntryPoint","urlTemplate":"https:\/\/norskhavvind.no\/?s={search_term_string}"},"query-input":"required name=search_term_string"}],"inLanguage":"en-GB"},{"@type":"Organization","@id":"https:\/\/norskhavvind.no\/#organization","name":"Norsk Havvind","url":"https:\/\/norskhavvind.no\/","logo":{"@type":"ImageObject","inLanguage":"en-GB","@id":"https:\/\/norskhavvind.no\/#\/schema\/logo\/image\/","url":"https:\/\/norskhavvind.no\/wp-content\/uploads\/2021\/02\/NorskHavvind_logo_rgb.svg","contentUrl":"https:\/\/norskhavvind.no\/wp-content\/uploads\/2021\/02\/NorskHavvind_logo_rgb.svg","width":297.56,"height":79.59,"caption":"Norsk Havvind"},"image":{"@id":"https:\/\/norskhavvind.no\/#\/schema\/logo\/image\/"}}]}},"_links":{"self":[{"href":"https:\/\/norskhavvind.no\/en\/wp-json\/wp\/v2\/pages\/155","targetHints":{"allow":["GET"]}}],"collection":[{"href":"https:\/\/norskhavvind.no\/en\/wp-json\/wp\/v2\/pages"}],"about":[{"href":"https:\/\/norskhavvind.no\/en\/wp-json\/wp\/v2\/types\/page"}],"author":[{"embeddable":true,"href":"https:\/\/norskhavvind.no\/en\/wp-json\/wp\/v2\/users\/1"}],"replies":[{"embeddable":true,"href":"https:\/\/norskhavvind.no\/en\/wp-json\/wp\/v2\/comments?post=155"}],"version-history":[{"count":0,"href":"https:\/\/norskhavvind.no\/en\/wp-json\/wp\/v2\/pages\/155\/revisions"}],"wp:featuredmedia":[{"embeddable":true,"href":"https:\/\/norskhavvind.no\/en\/wp-json\/wp\/v2\/media\/145"}],"wp:attachment":[{"href":"https:\/\/norskhavvind.no\/en\/wp-json\/wp\/v2\/media?parent=155"}],"curies":[{"name":"wp","href":"https:\/\/api.w.org\/{rel}","templated":true}]}}