{"id":154,"date":"2021-02-24T09:52:00","date_gmt":"2021-02-24T08:52:00","guid":{"rendered":"https:\/\/norskhavvind.wpengine.com\/?page_id=154"},"modified":"2022-02-10T12:21:47","modified_gmt":"2022-02-10T11:21:47","slug":"om-oss","status":"publish","type":"page","link":"https:\/\/norskhavvind.no\/en\/about-us\/","title":{"rendered":"About us"},"content":{"rendered":"<h2>We emphasize openness and cooperation in relation to partners, communities and governments.<\/h2>\n<p>We are eager to share our perspectives on Norwegian offshore wind as an important future-oriented industry both in and for Norway.<\/p>\n<p>We are not dependent on our own technology, but we want to use a rapidly evolving market to find the solutions that involve the lowest lifetime cost of the wind farms.<\/p>\n<p>For the same reason we are seeking independence in relation to contractors in regard to the development of wind farms.<\/p>\n<p>We support building industrial alliances with other developers from project to project.<\/p>","protected":false},"excerpt":{"rendered":"<p>Vi legger vekt p\u00e5 \u00e5penhet og samarbeid i forhold til partnere, lokalsamfunn og myndigheter. Vi deler gjerne v\u00e5re perspektiver p\u00e5 norsk havvind som en viktig fremtidsrettet industri i og for Norge. Vi er ikke koblet til egen teknologi, men \u00f8nsker \u00e5 bruke et marked i rask utvikling for \u00e5 finne de l\u00f8sninger som inneb\u00e6rer lavest [&hellip;]<\/p>","protected":false},"author":1,"featured_media":57,"parent":0,"menu_order":0,"comment_status":"closed","ping_status":"closed","template":"","meta":{"_acf_changed":false,"footnotes":"","_links_to":"","_links_to_target":""},"class_list":["post-154","page","type-page","status-publish","has-post-thumbnail","hentry"],"acf":[],"yoast_head":"<!-- This site is optimized with the Yoast SEO plugin v22.8 - https:\/\/yoast.com\/wordpress\/plugins\/seo\/ -->\n<title>Om oss - Norsk Havvind<\/title>\n<meta name=\"robots\" content=\"index, follow, max-snippet:-1, max-image-preview:large, max-video-preview:-1\" \/>\n<link rel=\"canonical\" href=\"https:\/\/norskhavvind.no\/en\/about-us\/\" \/>\n<meta property=\"og:locale\" content=\"en_GB\" \/>\n<meta property=\"og:type\" content=\"article\" \/>\n<meta property=\"og:title\" content=\"Om oss - Norsk Havvind\" \/>\n<meta property=\"og:description\" content=\"Vi legger vekt p\u00e5 \u00e5penhet og samarbeid i forhold til partnere, lokalsamfunn og myndigheter. Vi deler gjerne v\u00e5re perspektiver p\u00e5 norsk havvind som en viktig fremtidsrettet industri i og for Norge. Vi er ikke koblet til egen teknologi, men \u00f8nsker \u00e5 bruke et marked i rask utvikling for \u00e5 finne de l\u00f8sninger som inneb\u00e6rer lavest [&hellip;]\" \/>\n<meta property=\"og:url\" content=\"https:\/\/norskhavvind.no\/en\/about-us\/\" \/>\n<meta property=\"og:site_name\" content=\"Norsk Havvind\" \/>\n<meta property=\"article:modified_time\" content=\"2022-02-10T11:21:47+00:00\" \/>\n<meta property=\"og:image\" content=\"https:\/\/norskhavvind.no\/wp-content\/uploads\/2021\/02\/norsk-havvind-1138600638.jpg\" \/>\n\t<meta property=\"og:image:width\" content=\"2000\" \/>\n\t<meta property=\"og:image:height\" content=\"1125\" \/>\n\t<meta property=\"og:image:type\" content=\"image\/jpeg\" \/>\n<meta name=\"twitter:card\" content=\"summary_large_image\" \/>\n<meta name=\"twitter:label1\" content=\"Estimated reading time\" \/>\n\t<meta name=\"twitter:data1\" content=\"1 minute\" \/>\n<script type=\"application\/ld+json\" class=\"yoast-schema-graph\">{\"@context\":\"https:\/\/schema.org\",\"@graph\":[{\"@type\":\"WebPage\",\"@id\":\"https:\/\/norskhavvind.no\/om-oss\/\",\"url\":\"https:\/\/norskhavvind.no\/om-oss\/\",\"name\":\"Om oss - Norsk Havvind\",\"isPartOf\":{\"@id\":\"https:\/\/norskhavvind.no\/#website\"},\"primaryImageOfPage\":{\"@id\":\"https:\/\/norskhavvind.no\/om-oss\/#primaryimage\"},\"image\":{\"@id\":\"https:\/\/norskhavvind.no\/om-oss\/#primaryimage\"},\"thumbnailUrl\":\"https:\/\/norskhavvind.no\/wp-content\/uploads\/2021\/02\/norsk-havvind-1138600638.jpg\",\"datePublished\":\"2021-02-24T08:52:00+00:00\",\"dateModified\":\"2022-02-10T11:21:47+00:00\",\"breadcrumb\":{\"@id\":\"https:\/\/norskhavvind.no\/om-oss\/#breadcrumb\"},\"inLanguage\":\"en-GB\",\"potentialAction\":[{\"@type\":\"ReadAction\",\"target\":[\"https:\/\/norskhavvind.no\/om-oss\/\"]}]},{\"@type\":\"ImageObject\",\"inLanguage\":\"en-GB\",\"@id\":\"https:\/\/norskhavvind.no\/om-oss\/#primaryimage\",\"url\":\"https:\/\/norskhavvind.no\/wp-content\/uploads\/2021\/02\/norsk-havvind-1138600638.jpg\",\"contentUrl\":\"https:\/\/norskhavvind.no\/wp-content\/uploads\/2021\/02\/norsk-havvind-1138600638.jpg\",\"width\":2000,\"height\":1125},{\"@type\":\"BreadcrumbList\",\"@id\":\"https:\/\/norskhavvind.no\/om-oss\/#breadcrumb\",\"itemListElement\":[{\"@type\":\"ListItem\",\"position\":1,\"name\":\"Home\",\"item\":\"https:\/\/norskhavvind.no\/\"},{\"@type\":\"ListItem\",\"position\":2,\"name\":\"Om oss\"}]},{\"@type\":\"WebSite\",\"@id\":\"https:\/\/norskhavvind.no\/#website\",\"url\":\"https:\/\/norskhavvind.no\/\",\"name\":\"Norsk Havvind\",\"description\":\"\",\"publisher\":{\"@id\":\"https:\/\/norskhavvind.no\/#organization\"},\"potentialAction\":[{\"@type\":\"SearchAction\",\"target\":{\"@type\":\"EntryPoint\",\"urlTemplate\":\"https:\/\/norskhavvind.no\/?s={search_term_string}\"},\"query-input\":\"required name=search_term_string\"}],\"inLanguage\":\"en-GB\"},{\"@type\":\"Organization\",\"@id\":\"https:\/\/norskhavvind.no\/#organization\",\"name\":\"Norsk Havvind\",\"url\":\"https:\/\/norskhavvind.no\/\",\"logo\":{\"@type\":\"ImageObject\",\"inLanguage\":\"en-GB\",\"@id\":\"https:\/\/norskhavvind.no\/#\/schema\/logo\/image\/\",\"url\":\"https:\/\/norskhavvind.no\/wp-content\/uploads\/2021\/02\/NorskHavvind_logo_rgb.svg\",\"contentUrl\":\"https:\/\/norskhavvind.no\/wp-content\/uploads\/2021\/02\/NorskHavvind_logo_rgb.svg\",\"width\":297.56,\"height\":79.59,\"caption\":\"Norsk Havvind\"},\"image\":{\"@id\":\"https:\/\/norskhavvind.no\/#\/schema\/logo\/image\/\"}}]}<\/script>\n<!-- \/ Yoast SEO plugin. -->","yoast_head_json":{"title":"Om oss - Norsk Havvind","robots":{"index":"index","follow":"follow","max-snippet":"max-snippet:-1","max-image-preview":"max-image-preview:large","max-video-preview":"max-video-preview:-1"},"canonical":"https:\/\/norskhavvind.no\/en\/about-us\/","og_locale":"en_GB","og_type":"article","og_title":"Om oss - Norsk Havvind","og_description":"Vi legger vekt p\u00e5 \u00e5penhet og samarbeid i forhold til partnere, lokalsamfunn og myndigheter. Vi deler gjerne v\u00e5re perspektiver p\u00e5 norsk havvind som en viktig fremtidsrettet industri i og for Norge. Vi er ikke koblet til egen teknologi, men \u00f8nsker \u00e5 bruke et marked i rask utvikling for \u00e5 finne de l\u00f8sninger som inneb\u00e6rer lavest [&hellip;]","og_url":"https:\/\/norskhavvind.no\/en\/about-us\/","og_site_name":"Norsk Havvind","article_modified_time":"2022-02-10T11:21:47+00:00","og_image":[{"width":2000,"height":1125,"url":"https:\/\/norskhavvind.no\/wp-content\/uploads\/2021\/02\/norsk-havvind-1138600638.jpg","type":"image\/jpeg"}],"twitter_card":"summary_large_image","twitter_misc":{"Estimated reading time":"1 minute"},"schema":{"@context":"https:\/\/schema.org","@graph":[{"@type":"WebPage","@id":"https:\/\/norskhavvind.no\/om-oss\/","url":"https:\/\/norskhavvind.no\/om-oss\/","name":"Om oss - Norsk Havvind","isPartOf":{"@id":"https:\/\/norskhavvind.no\/#website"},"primaryImageOfPage":{"@id":"https:\/\/norskhavvind.no\/om-oss\/#primaryimage"},"image":{"@id":"https:\/\/norskhavvind.no\/om-oss\/#primaryimage"},"thumbnailUrl":"https:\/\/norskhavvind.no\/wp-content\/uploads\/2021\/02\/norsk-havvind-1138600638.jpg","datePublished":"2021-02-24T08:52:00+00:00","dateModified":"2022-02-10T11:21:47+00:00","breadcrumb":{"@id":"https:\/\/norskhavvind.no\/om-oss\/#breadcrumb"},"inLanguage":"en-GB","potentialAction":[{"@type":"ReadAction","target":["https:\/\/norskhavvind.no\/om-oss\/"]}]},{"@type":"ImageObject","inLanguage":"en-GB","@id":"https:\/\/norskhavvind.no\/om-oss\/#primaryimage","url":"https:\/\/norskhavvind.no\/wp-content\/uploads\/2021\/02\/norsk-havvind-1138600638.jpg","contentUrl":"https:\/\/norskhavvind.no\/wp-content\/uploads\/2021\/02\/norsk-havvind-1138600638.jpg","width":2000,"height":1125},{"@type":"BreadcrumbList","@id":"https:\/\/norskhavvind.no\/om-oss\/#breadcrumb","itemListElement":[{"@type":"ListItem","position":1,"name":"Home","item":"https:\/\/norskhavvind.no\/"},{"@type":"ListItem","position":2,"name":"Om oss"}]},{"@type":"WebSite","@id":"https:\/\/norskhavvind.no\/#website","url":"https:\/\/norskhavvind.no\/","name":"Norsk Havvind","description":"","publisher":{"@id":"https:\/\/norskhavvind.no\/#organization"},"potentialAction":[{"@type":"SearchAction","target":{"@type":"EntryPoint","urlTemplate":"https:\/\/norskhavvind.no\/?s={search_term_string}"},"query-input":"required name=search_term_string"}],"inLanguage":"en-GB"},{"@type":"Organization","@id":"https:\/\/norskhavvind.no\/#organization","name":"Norsk Havvind","url":"https:\/\/norskhavvind.no\/","logo":{"@type":"ImageObject","inLanguage":"en-GB","@id":"https:\/\/norskhavvind.no\/#\/schema\/logo\/image\/","url":"https:\/\/norskhavvind.no\/wp-content\/uploads\/2021\/02\/NorskHavvind_logo_rgb.svg","contentUrl":"https:\/\/norskhavvind.no\/wp-content\/uploads\/2021\/02\/NorskHavvind_logo_rgb.svg","width":297.56,"height":79.59,"caption":"Norsk Havvind"},"image":{"@id":"https:\/\/norskhavvind.no\/#\/schema\/logo\/image\/"}}]}},"_links":{"self":[{"href":"https:\/\/norskhavvind.no\/en\/wp-json\/wp\/v2\/pages\/154","targetHints":{"allow":["GET"]}}],"collection":[{"href":"https:\/\/norskhavvind.no\/en\/wp-json\/wp\/v2\/pages"}],"about":[{"href":"https:\/\/norskhavvind.no\/en\/wp-json\/wp\/v2\/types\/page"}],"author":[{"embeddable":true,"href":"https:\/\/norskhavvind.no\/en\/wp-json\/wp\/v2\/users\/1"}],"replies":[{"embeddable":true,"href":"https:\/\/norskhavvind.no\/en\/wp-json\/wp\/v2\/comments?post=154"}],"version-history":[{"count":0,"href":"https:\/\/norskhavvind.no\/en\/wp-json\/wp\/v2\/pages\/154\/revisions"}],"wp:featuredmedia":[{"embeddable":true,"href":"https:\/\/norskhavvind.no\/en\/wp-json\/wp\/v2\/media\/57"}],"wp:attachment":[{"href":"https:\/\/norskhavvind.no\/en\/wp-json\/wp\/v2\/media?parent=154"}],"curies":[{"name":"wp","href":"https:\/\/api.w.org\/{rel}","templated":true}]}}